{"id":6426,"date":"2022-02-22T19:23:29","date_gmt":"2022-02-22T19:23:29","guid":{"rendered":"https:\/\/x-brainfibre.io\/?page_id=6426"},"modified":"2023-12-12T20:09:00","modified_gmt":"2023-12-12T20:09:00","slug":"contact","status":"publish","type":"page","link":"https:\/\/x-brainfibre.io\/de\/contact\/","title":{"rendered":"05_Contact"},"content":{"rendered":"<div data-elementor-type=\"wp-page\" data-elementor-id=\"6426\" class=\"elementor elementor-6426\">\n\t\t\t\t\t\t<section class=\"elementor-section elementor-top-section elementor-element elementor-element-f14a998 elementor-section-boxed elementor-section-height-default elementor-section-height-default\" data-id=\"f14a998\" data-element_type=\"section\" data-e-type=\"section\">\n\t\t\t\t\t\t<div class=\"elementor-container elementor-column-gap-default\">\n\t\t\t\t\t<div class=\"elementor-column elementor-col-100 elementor-top-column elementor-element elementor-element-ce2634c\" data-id=\"ce2634c\" data-element_type=\"column\" data-e-type=\"column\">\n\t\t\t<div class=\"elementor-widget-wrap elementor-element-populated\">\n\t\t\t\t\t\t<div class=\"elementor-element elementor-element-34c8181 elementor-widget elementor-widget-rt-title\" data-id=\"34c8181\" data-element_type=\"widget\" data-e-type=\"widget\" data-widget_type=\"rt-title.default\">\n\t\t\t\t<div class=\"elementor-widget-container\">\n\t\t\t\t\t\n<div class=\"section-heading project-content\">\n\t    <div class=\"section-sub-title sub-title has-animation\">Kontakt<\/div>\n    <h2 class=\"section-title title has-animation\">WIR SIND F\u00dcR SIE&nbsp;DA!<\/h2>    <\/div>\t\t\t\t<\/div>\n\t\t\t\t<\/div>\n\t\t\t\t\t<\/div>\n\t\t<\/div>\n\t\t\t\t\t<\/div>\n\t\t<\/section>\n\t\t\t\t<section class=\"elementor-section elementor-top-section elementor-element elementor-element-9e8077b elementor-section-boxed elementor-section-height-default elementor-section-height-default\" data-id=\"9e8077b\" data-element_type=\"section\" data-e-type=\"section\">\n\t\t\t\t\t\t<div class=\"elementor-container elementor-column-gap-default\">\n\t\t\t\t\t<div class=\"elementor-column elementor-col-100 elementor-top-column elementor-element elementor-element-a38c7a3\" data-id=\"a38c7a3\" data-element_type=\"column\" data-e-type=\"column\">\n\t\t\t<div class=\"elementor-widget-wrap elementor-element-populated\">\n\t\t\t\t\t\t<section class=\"elementor-section elementor-inner-section elementor-element elementor-element-e9dd2fa elementor-section-boxed elementor-section-height-default elementor-section-height-default\" data-id=\"e9dd2fa\" data-element_type=\"section\" data-e-type=\"section\">\n\t\t\t\t\t\t<div class=\"elementor-container elementor-column-gap-default\">\n\t\t\t\t\t<div class=\"elementor-column elementor-col-50 elementor-inner-column elementor-element elementor-element-6ca0d04\" data-id=\"6ca0d04\" data-element_type=\"column\" data-e-type=\"column\">\n\t\t\t<div class=\"elementor-widget-wrap elementor-element-populated\">\n\t\t\t\t\t\t<div class=\"elementor-element elementor-element-35472b6 elementor-widget elementor-widget-rt-animated-image\" data-id=\"35472b6\" data-element_type=\"widget\" data-e-type=\"widget\" data-widget_type=\"rt-animated-image.default\">\n\t\t\t\t<div class=\"elementor-widget-container\">\n\t\t\t\t\t\n<div class=\"shutter-effect has-animation item-figure figure-left contact-info-img\">       \n    <img fetchpriority=\"high\" decoding=\"async\" width=\"750\" height=\"520\" src=\"https:\/\/x-brainfibre.io\/wp-content\/uploads\/2022\/03\/x-cite_contact.jpg\" class=\"attachment-full size-full\" alt srcset=\"https:\/\/x-brainfibre.io\/wp-content\/uploads\/2022\/03\/x-cite_contact.jpg 750w, https:\/\/x-brainfibre.io\/wp-content\/uploads\/2022\/03\/x-cite_contact-300x208.jpg 300w\" sizes=\"(max-width: 750px) 100vw, 750px\"><\/div>\n\t\t\t\t<\/div>\n\t\t\t\t<\/div>\n\t\t\t\t\t<\/div>\n\t\t<\/div>\n\t\t\t\t<div class=\"elementor-column elementor-col-50 elementor-inner-column elementor-element elementor-element-11ac709 align-items-center\" data-id=\"11ac709\" data-element_type=\"column\" data-e-type=\"column\" data-settings=\"{&quot;background_background&quot;:&quot;classic&quot;}\">\n\t\t\t<div class=\"elementor-widget-wrap elementor-element-populated\">\n\t\t\t\t\t\t<div class=\"elementor-element elementor-element-943583b elementor-widget elementor-widget-heading\" data-id=\"943583b\" data-element_type=\"widget\" data-e-type=\"widget\" data-widget_type=\"heading.default\">\n\t\t\t\t<div class=\"elementor-widget-container\">\n\t\t\t\t\t<h3 class=\"elementor-heading-title elementor-size-default\">X\u2011CITE S.A.<\/h3>\t\t\t\t<\/div>\n\t\t\t\t<\/div>\n\t\t\t\t<div class=\"elementor-element elementor-element-e4050ab elementor-widget elementor-widget-text-editor\" data-id=\"e4050ab\" data-element_type=\"widget\" data-e-type=\"widget\" data-widget_type=\"text-editor.default\">\n\t\t\t\t<div class=\"elementor-widget-container\">\n\t\t\t\t\t\t\t\t\t<p>31, Domaine de Beauregard<br>L\u20118357 Goeblange<br>Gro\u00dfherzogtum Luxemburg<\/p>\t\t\t\t\t\t\t\t<\/div>\n\t\t\t\t<\/div>\n\t\t\t\t<div class=\"elementor-element elementor-element-55b408e elementor-widget elementor-widget-rt-contact-box\" data-id=\"55b408e\" data-element_type=\"widget\" data-e-type=\"widget\" data-widget_type=\"rt-contact-box.default\">\n\t\t\t\t<div class=\"elementor-widget-container\">\n\t\t\t\t\t<div class=\"contact-box-item\">\n        <p class=\"item-paragraph\">\n                    <a href=\"mailto:getintouch@x-cite.io\">getintouch@x\u2011cite.io<\/a>    <\/p>\n<\/div>\t\t\t\t<\/div>\n\t\t\t\t<\/div>\n\t\t\t\t\t<\/div>\n\t\t<\/div>\n\t\t\t\t\t<\/div>\n\t\t<\/section>\n\t\t\t\t\t<\/div>\n\t\t<\/div>\n\t\t\t\t\t<\/div>\n\t\t<\/section>\n\t\t\t\t<section class=\"elementor-section elementor-top-section elementor-element elementor-element-beb9667 elementor-section-boxed elementor-section-height-default elementor-section-height-default\" data-id=\"beb9667\" data-element_type=\"section\" data-e-type=\"section\">\n\t\t\t\t\t\t<div class=\"elementor-container elementor-column-gap-default\">\n\t\t\t\t\t<div class=\"elementor-column elementor-col-100 elementor-top-column elementor-element elementor-element-4afcecf\" data-id=\"4afcecf\" data-element_type=\"column\" data-e-type=\"column\">\n\t\t\t<div class=\"elementor-widget-wrap elementor-element-populated\">\n\t\t\t\t\t\t<div class=\"elementor-element elementor-element-6b601d2 elementor-widget elementor-widget-rt-title\" data-id=\"6b601d2\" data-element_type=\"widget\" data-e-type=\"widget\" data-widget_type=\"rt-title.default\">\n\t\t\t\t<div class=\"elementor-widget-container\">\n\t\t\t\t\t\n<div class=\"section-heading\">\n\t<h2 class=\"section-title align-center\">SCHREIBEN SIE&nbsp;UNS<\/h2>\t\t<div class=\"section-paragraph align-center\"><p>Sie m\u00f6chten mehr \u00fcber X\u2011BRAiN FiBRE erfahren und wie wir Ihr FTTH-Netzwerk st\u00e4rken k\u00f6nnen? Senden Sie uns einfach eine Nachricht und wir melden uns umgehend bei Ihnen zur\u00fcck.<\/p><\/div>\n\t<\/div>\t\t\t\t<\/div>\n\t\t\t\t<\/div>\n\t\t\t\t<div class=\"elementor-element elementor-element-c474f18 elementor-widget elementor-widget-shortcode\" data-id=\"c474f18\" data-element_type=\"widget\" data-e-type=\"widget\" data-widget_type=\"shortcode.default\">\n\t\t\t\t<div class=\"elementor-widget-container\">\n\t\t\t\t\t\t\t<div class=\"elementor-shortcode\">\n<div class=\"wpcf7 no-js\" id=\"wpcf7-f3476-o1\" lang=\"en-US\" dir=\"ltr\" data-wpcf7-id=\"3476\">\n<div class=\"screen-reader-response\"><p role=\"status\" aria-live=\"polite\" aria-atomic=\"true\"><\/p> <ul><\/ul><\/div>\n<form action=\"\/de\/wp-json\/wp\/v2\/pages\/6426#wpcf7-f3476-o1\" method=\"post\" class=\"wpcf7-form init\" aria-label=\"Contact form\" novalidate=\"novalidate\" data-status=\"init\" data-trp-original-action=\"\/de\/wp-json\/wp\/v2\/pages\/6426#wpcf7-f3476-o1\">\n<fieldset class=\"hidden-fields-container\"><input type=\"hidden\" name=\"_wpcf7\" value=\"3476\"><input type=\"hidden\" name=\"_wpcf7_version\" value=\"6.1.4\"><input type=\"hidden\" name=\"_wpcf7_locale\" value=\"en_US\"><input type=\"hidden\" name=\"_wpcf7_unit_tag\" value=\"wpcf7-f3476-o1\"><input type=\"hidden\" name=\"_wpcf7_container_post\" value=\"0\"><input type=\"hidden\" name=\"_wpcf7_posted_data_hash\" value>\n<\/fieldset>\n<div class=\"form-area-layout2\">\n\t<div class=\"row\">\n\t\t<div class=\"col-lg-6 form-group\">\n\t\t\t<p><span class=\"wpcf7-form-control-wrap\" data-name=\"your-name\"><input size=\"40\" maxlength=\"400\" class=\"wpcf7-form-control wpcf7-text wpcf7-validates-as-required form-control\" aria-required=\"true\" aria-invalid=\"false\" placeholder=\"Name\" value type=\"text\" name=\"your-name\"><\/span>\n\t\t\t<\/p>\n\t\t<\/div>\n\t\t<div class=\"col-lg-6 form-group\">\n\t\t\t<p><span class=\"wpcf7-form-control-wrap\" data-name=\"your-email\"><input size=\"40\" maxlength=\"400\" class=\"wpcf7-form-control wpcf7-email wpcf7-validates-as-required wpcf7-text wpcf7-validates-as-email form-control\" aria-required=\"true\" aria-invalid=\"false\" placeholder=\"E-Mail\" value type=\"email\" name=\"your-email\"><\/span>\n\t\t\t<\/p>\n\t\t<\/div>\n\t\t<div class=\"col-lg-6 form-group\">\n\t\t\t<p><span class=\"wpcf7-form-control-wrap\" data-name=\"your-phone\"><input size=\"40\" maxlength=\"400\" class=\"wpcf7-form-control wpcf7-text form-control\" aria-invalid=\"false\" placeholder=\"Telefon (+XX 123 456 789)\" value type=\"text\" name=\"your-phone\"><\/span>\n\t\t\t<\/p>\n\t\t<\/div>\n\t\t<div class=\"col-12 form-group\">\n\t\t\t<p><span class=\"wpcf7-form-control-wrap\" data-name=\"your-message\"><textarea cols=\"40\" rows=\"6\" maxlength=\"2000\" class=\"wpcf7-form-control wpcf7-textarea wpcf7-validates-as-required form-control\" aria-required=\"true\" aria-invalid=\"false\" placeholder=\"Ihre Nachricht ...\" name=\"your-message\"><\/textarea><\/span>\n\t\t\t<\/p>\n\t\t<\/div>\n\t\t<div class=\"col-12 form-group mb-0\">\n\t\t\t<p><button type=\"submit\" class=\"btn-fill2 disabled\"><span class=\"top-left\"><\/span><span class=\"bottom-right\"><\/span>ABSENDEN<\/button>\n\t\t\t<\/p>\n\t\t<\/div>\n\t<\/div>\n<\/div><div class=\"wpcf7-response-output\" aria-hidden=\"true\"><\/div>\n<input type=\"hidden\" name=\"trp-form-language\" value=\"de\"><\/form>\n<\/div>\n<\/div>\n\t\t\t\t\t\t<\/div>\n\t\t\t\t<\/div>\n\t\t\t\t\t<\/div>\n\t\t<\/div>\n\t\t\t\t\t<\/div>\n\t\t<\/section>\n\t\t\t\t<section class=\"elementor-section elementor-top-section elementor-element elementor-element-f2658aa elementor-section-boxed elementor-section-height-default elementor-section-height-default\" data-id=\"f2658aa\" data-element_type=\"section\" data-e-type=\"section\">\n\t\t\t\t\t\t<div class=\"elementor-container elementor-column-gap-default\">\n\t\t\t\t\t<div class=\"elementor-column elementor-col-100 elementor-top-column elementor-element elementor-element-5026346\" data-id=\"5026346\" data-element_type=\"column\" data-e-type=\"column\">\n\t\t\t<div class=\"elementor-widget-wrap elementor-element-populated\">\n\t\t\t\t\t\t<div class=\"elementor-element elementor-element-b1b1f35 elementor-widget elementor-widget-rt-title\" data-id=\"b1b1f35\" data-element_type=\"widget\" data-e-type=\"widget\" data-widget_type=\"rt-title.default\">\n\t\t\t\t<div class=\"elementor-widget-container\">\n\t\t\t\t\t\n<div class=\"section-heading\">\n\t<h2 class=\"section-title align-center\">IM HERZEN EUROPAS<\/h2><\/div>\t\t\t\t<\/div>\n\t\t\t\t<\/div>\n\t\t\t\t<div class=\"elementor-element elementor-element-0c6c0f5 elementor-widget elementor-widget-google_maps\" data-id=\"0c6c0f5\" data-element_type=\"widget\" data-e-type=\"widget\" data-widget_type=\"google_maps.default\">\n\t\t\t\t<div class=\"elementor-widget-container\">\n\t\t\t\t\t\t\t<div class=\"elementor-custom-embed\">\n\t\t\t<iframe loading=\"lazy\" src=\"https:\/\/maps.google.com\/maps?q=Luxembourg&amp;t=m&amp;z=5&amp;output=embed&amp;iwloc=near\" title=\"Luxembourg\" aria-label=\"Luxembourg\"><\/iframe>\n\t\t<\/div>\n\t\t\t\t\t\t<\/div>\n\t\t\t\t<\/div>\n\t\t\t\t\t<\/div>\n\t\t<\/div>\n\t\t\t\t\t<\/div>\n\t\t<\/section>\n\t\t\t\t<section class=\"elementor-section elementor-top-section elementor-element elementor-element-c63306f elementor-section-boxed elementor-section-height-default elementor-section-height-default\" data-id=\"c63306f\" data-element_type=\"section\" data-e-type=\"section\">\n\t\t\t\t\t\t<div class=\"elementor-container elementor-column-gap-default\">\n\t\t\t\t\t<div class=\"elementor-column elementor-col-100 elementor-top-column elementor-element elementor-element-3314cd4\" data-id=\"3314cd4\" data-element_type=\"column\" data-e-type=\"column\">\n\t\t\t<div class=\"elementor-widget-wrap elementor-element-populated\">\n\t\t\t\t\t\t<div class=\"elementor-element elementor-element-1febdbd elementor-widget elementor-widget-rt-title\" data-id=\"1febdbd\" data-element_type=\"widget\" data-e-type=\"widget\" data-widget_type=\"rt-title.default\">\n\t\t\t\t<div class=\"elementor-widget-container\">\n\t\t\t\t\t\n<div class=\"section-heading\">\n\t<h2 class=\"section-title align-center\">ENTDECKEN SIE NOCH&nbsp;MEHR<\/h2><\/div>\t\t\t\t<\/div>\n\t\t\t\t<\/div>\n\t\t\t\t<section class=\"elementor-section elementor-inner-section elementor-element elementor-element-ade2e70 elementor-reverse-tablet elementor-reverse-mobile elementor-section-boxed elementor-section-height-default elementor-section-height-default\" data-id=\"ade2e70\" data-element_type=\"section\" data-e-type=\"section\">\n\t\t\t\t\t\t<div class=\"elementor-container elementor-column-gap-default\">\n\t\t\t\t\t<div class=\"elementor-column elementor-col-50 elementor-inner-column elementor-element elementor-element-b9ab8a1\" data-id=\"b9ab8a1\" data-element_type=\"column\" data-e-type=\"column\">\n\t\t\t<div class=\"elementor-widget-wrap elementor-element-populated\">\n\t\t\t\t\t\t<div class=\"elementor-element elementor-element-cf9559b elementor-widget elementor-widget-rt-animated-image\" data-id=\"cf9559b\" data-element_type=\"widget\" data-e-type=\"widget\" data-widget_type=\"rt-animated-image.default\">\n\t\t\t\t<div class=\"elementor-widget-container\">\n\t\t\t\t\t\n<div class=\"shutter-effect has-animation item-figure figure-right\">       \n    <img decoding=\"async\" width=\"606\" height=\"404\" src=\"https:\/\/x-brainfibre.io\/wp-content\/uploads\/2022\/03\/x-brain-teaser_a.png\" class=\"attachment-full size-full\" alt srcset=\"https:\/\/x-brainfibre.io\/wp-content\/uploads\/2022\/03\/x-brain-teaser_a.png 606w, https:\/\/x-brainfibre.io\/wp-content\/uploads\/2022\/03\/x-brain-teaser_a-300x200.png 300w\" sizes=\"(max-width: 606px) 100vw, 606px\"><\/div>\n\t\t\t\t<\/div>\n\t\t\t\t<\/div>\n\t\t\t\t<div class=\"elementor-element elementor-element-857cb1e elementor-widget elementor-widget-rt-about-box\" data-id=\"857cb1e\" data-element_type=\"widget\" data-e-type=\"widget\" data-widget_type=\"rt-about-box.default\">\n\t\t\t\t<div class=\"elementor-widget-container\">\n\t\t\t\t\t\n<div class=\"about-layout1 common-about\">\n    <h3 class=\"item-title\">X\u2011BRAiN \u2013 DIE TECHNISCHE PLATTFORM<\/h3>        <a href=\"https:\/\/x-cite.io\/about-x-brain\/\" target=\"_blank\" class=\"item-btn btn-text common-link\">Mehr erfahren<\/a>\n    <\/div>\t\t\t\t<\/div>\n\t\t\t\t<\/div>\n\t\t\t\t\t<\/div>\n\t\t<\/div>\n\t\t\t\t<div class=\"elementor-column elementor-col-50 elementor-inner-column elementor-element elementor-element-a714bdd\" data-id=\"a714bdd\" data-element_type=\"column\" data-e-type=\"column\">\n\t\t\t<div class=\"elementor-widget-wrap elementor-element-populated\">\n\t\t\t\t\t\t<div class=\"elementor-element elementor-element-a3fb2b0 elementor-widget elementor-widget-rt-animated-image\" data-id=\"a3fb2b0\" data-element_type=\"widget\" data-e-type=\"widget\" data-widget_type=\"rt-animated-image.default\">\n\t\t\t\t<div class=\"elementor-widget-container\">\n\t\t\t\t\t\n<div class=\"shutter-effect has-animation item-figure figure-right\">       \n    <img decoding=\"async\" width=\"606\" height=\"404\" src=\"https:\/\/x-brainfibre.io\/wp-content\/uploads\/2022\/03\/x-brain-teaser_b.png\" class=\"attachment-full size-full\" alt srcset=\"https:\/\/x-brainfibre.io\/wp-content\/uploads\/2022\/03\/x-brain-teaser_b.png 606w, https:\/\/x-brainfibre.io\/wp-content\/uploads\/2022\/03\/x-brain-teaser_b-300x200.png 300w\" sizes=\"(max-width: 606px) 100vw, 606px\"><\/div>\n\t\t\t\t<\/div>\n\t\t\t\t<\/div>\n\t\t\t\t<div class=\"elementor-element elementor-element-745f56e elementor-widget elementor-widget-rt-about-box\" data-id=\"745f56e\" data-element_type=\"widget\" data-e-type=\"widget\" data-widget_type=\"rt-about-box.default\">\n\t\t\t\t<div class=\"elementor-widget-container\">\n\t\t\t\t\t\n<div class=\"about-layout1 common-about\">\n    <h3 class=\"item-title\">X\u2011CITE \u2013 DIE FIRMA IM HINTERGRUND<\/h3>        <a href=\"https:\/\/www.x-cite.io\/\" target=\"_blank\" class=\"item-btn btn-text common-link\">Lesen Sie&nbsp;mehr<\/a>\n    <\/div>\t\t\t\t<\/div>\n\t\t\t\t<\/div>\n\t\t\t\t\t<\/div>\n\t\t<\/div>\n\t\t\t\t\t<\/div>\n\t\t<\/section>\n\t\t\t\t\t<\/div>\n\t\t<\/div>\n\t\t\t\t\t<\/div>\n\t\t<\/section>\n\t\t\t\t<\/div>","protected":false},"excerpt":{"rendered":"<p>Contact LET\u2019S MAKE SOMETHING INCREDIBLE TOGETHER X\u2011CITE S.A. 31, Domaine de BeauregardL-8357 GoeblangeGrand Duchy of Luxembourg getintouch@x\u2011cite.io DROP US A LINE You want to know more about X\u2011BRAiN FiBRE and how we can boost your FTTH Network? Just send us a message and we will come back to you immediately. IN THE HEART OF EUROPE\u2026<\/p>","protected":false},"author":1,"featured_media":0,"parent":0,"menu_order":0,"comment_status":"closed","ping_status":"closed","template":"elementor_header_footer","meta":{"wp_typography_post_enhancements_disabled":false,"_monsterinsights_skip_tracking":false,"_monsterinsights_sitenote_active":false,"_monsterinsights_sitenote_note":"","_monsterinsights_sitenote_category":0,"footnotes":""},"class_list":["post-6426","page","type-page","status-publish","hentry"],"_links":{"self":[{"href":"https:\/\/x-brainfibre.io\/de\/wp-json\/wp\/v2\/pages\/6426","targetHints":{"allow":["GET"]}}],"collection":[{"href":"https:\/\/x-brainfibre.io\/de\/wp-json\/wp\/v2\/pages"}],"about":[{"href":"https:\/\/x-brainfibre.io\/de\/wp-json\/wp\/v2\/types\/page"}],"author":[{"embeddable":true,"href":"https:\/\/x-brainfibre.io\/de\/wp-json\/wp\/v2\/users\/1"}],"replies":[{"embeddable":true,"href":"https:\/\/x-brainfibre.io\/de\/wp-json\/wp\/v2\/comments?post=6426"}],"version-history":[{"count":98,"href":"https:\/\/x-brainfibre.io\/de\/wp-json\/wp\/v2\/pages\/6426\/revisions"}],"predecessor-version":[{"id":9487,"href":"https:\/\/x-brainfibre.io\/de\/wp-json\/wp\/v2\/pages\/6426\/revisions\/9487"}],"wp:attachment":[{"href":"https:\/\/x-brainfibre.io\/de\/wp-json\/wp\/v2\/media?parent=6426"}],"curies":[{"name":"wp","href":"https:\/\/api.w.org\/{rel}","templated":true}]}}